{"id":1700,"date":"2022-07-18T15:58:40","date_gmt":"2022-07-18T15:58:40","guid":{"rendered":"https:\/\/dbreforma.com\/ca\/?page_id=1700"},"modified":"2022-07-18T15:58:40","modified_gmt":"2022-07-18T15:58:40","slug":"politica-de-qualitat-i-medi-ambient","status":"publish","type":"page","link":"https:\/\/dbreforma.com\/ca\/politica-de-qualitat-i-medi-ambient\/","title":{"rendered":"Pol\u00edtica de qualitat i medi ambient"},"content":{"rendered":"<div class=\"fusion-fullwidth fullwidth-box fusion-builder-row-1 fusion-flex-container nonhundred-percent-fullwidth non-hundred-percent-height-scrolling\" style=\"background-color: rgba(255,255,255,0);background-position: center center;background-repeat: no-repeat;border-width: 0px 0px 0px 0px;border-color:#eae9e9;border-style:solid;\" ><div class=\"fusion-builder-row fusion-row fusion-flex-align-items-center fusion-flex-justify-content-center\" style=\"max-width:1996.8px;margin-left: calc(-4% \/ 2 );margin-right: calc(-4% \/ 2 );\"><div class=\"fusion-layout-column fusion_builder_column fusion-builder-column-0 fusion-flex-column fusion-flex-align-self-center\"><div class=\"fusion-column-wrapper fusion-flex-justify-content-center fusion-content-layout-column\" style=\"background-position:left top;background-repeat:no-repeat;-webkit-background-size:cover;-moz-background-size:cover;-o-background-size:cover;background-size:cover;padding: 0px 0px 0px 0px;\"><div class=\"fusion-text fusion-text-1\" style=\"transform:translate3d(0,0,0);\"><h2 style=\"text-align: center;\">POL\u00cdTICA DE QUALITAT I MEDI AMBIENT<\/h2>\n<p>DB REFORMA (marca del Grup \u201cBETBARNA REUNIDES CONSTRUCCI\u00d3, S.L.\u201d), \u00e9s una empresa focalitzada a la construcci\u00f3, reforma i rehabilitaci\u00f3 integral especialitzada d&#8217;edificis plurifamiliars, habitatges, cases unifamiliars i equipaments. En el marc del seu pla de negoci, expansi\u00f3 i millora continua; La Direcci\u00f3 de<br \/>DB REFORMA ha definit un Sistema de Gesti\u00f3 basat en les normes ISO 9001:2015 i ISO 14001:2015, que t\u00e9 per finalitat:<\/p>\n<ul>\n<li>Satisfer els requisits dels nostres clients i les obligacions legals i reglament\u00e0ries que ens s\u00f3n aplicables.<\/li>\n<li>Millorar i optimitzar la gesti\u00f3 de l&#8217;empresa i de la feina feta, per obtenir una millor rendibilitat econ\u00f2mica i de temps, i alhora millorar la protecci\u00f3 del medi ambient.<\/li>\n<\/ul>\n<p>En conseq\u00fc\u00e8ncia, la Direcci\u00f3 defineix la pol\u00edtica d&#8217;empresa seg\u00fcent i es compromet a:<\/p>\n<ul>\n<li>Definir, revisar i modificar els objectius de l&#8217;empresa, designant de manera clara els responsables del seu compliment i proporcionant-los els recursos necessaris.<\/li>\n<li>Tenir en compte el context de l&#8217;organitzaci\u00f3 i les expectatives de les parts interessades que ens ajuden a gestionar el nostre sistema de gesti\u00f3 de riscos i oportunitats.<\/li>\n<li>Revisar la sufici\u00e8ncia i idone\u00eftat dels RRHH i materials per assolir la conformitat amb els requisits dels nostres serveis i productes i, en la mesura que sigui possible, mantenir uns nivells alts de satisfacci\u00f3 dels nostres clients i altres parts interessades.<\/li>\n<li>Motivar tot el nostre personal, propi i extern, en el compliment del que estableix el nostre Sistema de Gesti\u00f3, essent aquest un element fonamental per millorar la nostra imatge com a empresa i, aix\u00ed mateix, fer m\u00e9s rendible la nostra activitat.<\/li>\n<li>Aplicar el nostre sistema de gesti\u00f3 com a eina d&#8217;organitzaci\u00f3 de la nostra empresa, revisant-ne peri\u00f2dicament la implantaci\u00f3 i efic\u00e0cia, i establint els mecanismes per a la seva millora cont\u00ednua.<\/li>\n<li>Assegurar que els treballs desenvolupats per l&#8217;empresa s&#8217;executen de manera respectuosa amb el medi ambient mitjan\u00e7ant l&#8217;aplicaci\u00f3 de mesures de prevenci\u00f3 de la contaminaci\u00f3 i amb enfocament a l&#8217;an\u00e0lisi de cicle de vida dels nostres serveis i productes.<\/li>\n<li>Garantir les condicions de seguretat i salut a la feina, mitjan\u00e7ant l&#8217;aplicaci\u00f3 de mesures de prevenci\u00f3 d&#8217;accidents i danys a la salut dels treballadors.<\/li>\n<\/ul>\n<p><strong>Actualitzada: 01\/03\/2022<\/strong><\/p>\n<\/div><\/div><\/div><style type=\"text\/css\">.fusion-body .fusion-builder-column-0{width:80% !important;margin-top : 0px;margin-bottom : 0px;}.fusion-builder-column-0 > .fusion-column-wrapper {padding-top : 0px !important;padding-right : 0px !important;margin-right : 2.4%;padding-bottom : 0px !important;padding-left : 0px !important;margin-left : 2.4%;}@media only screen and (max-width:800px) {.fusion-body .fusion-builder-column-0{width:100% !important;order : 0;}.fusion-builder-column-0 > .fusion-column-wrapper {margin-right : 1.92%;margin-left : 1.92%;}}@media only screen and (max-width:640px) {.fusion-body .fusion-builder-column-0{width:100% !important;order : 0;}.fusion-builder-column-0 > .fusion-column-wrapper {margin-right : 1.92%;margin-left : 1.92%;}}<\/style><\/div><style type=\"text\/css\">.fusion-body .fusion-flex-container.fusion-builder-row-1{ padding-top : 0px;margin-top : 0px;padding-right : 0px;padding-bottom : 0px;margin-bottom : 0px;padding-left : 0px;}<\/style><\/div>\n","protected":false},"excerpt":{"rendered":"","protected":false},"author":1,"featured_media":0,"parent":0,"menu_order":0,"comment_status":"closed","ping_status":"closed","template":"","meta":{"footnotes":""},"class_list":["post-1700","page","type-page","status-publish","hentry"],"yoast_head":"<!-- This site is optimized with the Yoast SEO plugin v27.2 - https:\/\/yoast.com\/product\/yoast-seo-wordpress\/ -->\n<title>Pol\u00edtica de qualitat i medi ambient - DB Reforma<\/title>\n<meta name=\"robots\" content=\"index, follow, max-snippet:-1, max-image-preview:large, max-video-preview:-1\" \/>\n<link rel=\"canonical\" href=\"https:\/\/dbreforma.com\/ca\/politica-de-qualitat-i-medi-ambient\/\" \/>\n<meta property=\"og:locale\" content=\"es_ES\" \/>\n<meta property=\"og:type\" content=\"article\" \/>\n<meta property=\"og:title\" content=\"Pol\u00edtica de qualitat i medi ambient - DB Reforma\" \/>\n<meta property=\"og:url\" content=\"https:\/\/dbreforma.com\/ca\/politica-de-qualitat-i-medi-ambient\/\" \/>\n<meta property=\"og:site_name\" content=\"DB Reforma\" \/>\n<meta name=\"twitter:card\" content=\"summary_large_image\" \/>\n<meta name=\"twitter:label1\" content=\"Tiempo de lectura\" \/>\n\t<meta name=\"twitter:data1\" content=\"5 minutos\" \/>\n<script type=\"application\/ld+json\" class=\"yoast-schema-graph\">{\"@context\":\"https:\/\/schema.org\",\"@graph\":[{\"@type\":\"WebPage\",\"@id\":\"https:\/\/dbreforma.com\/ca\/politica-de-qualitat-i-medi-ambient\/\",\"url\":\"https:\/\/dbreforma.com\/ca\/politica-de-qualitat-i-medi-ambient\/\",\"name\":\"Pol\u00edtica de qualitat i medi ambient - DB Reforma\",\"isPartOf\":{\"@id\":\"https:\/\/dbreforma.com\/ca\/#website\"},\"datePublished\":\"2022-07-18T15:58:40+00:00\",\"breadcrumb\":{\"@id\":\"https:\/\/dbreforma.com\/ca\/politica-de-qualitat-i-medi-ambient\/#breadcrumb\"},\"inLanguage\":\"es\",\"potentialAction\":[{\"@type\":\"ReadAction\",\"target\":[\"https:\/\/dbreforma.com\/ca\/politica-de-qualitat-i-medi-ambient\/\"]}]},{\"@type\":\"BreadcrumbList\",\"@id\":\"https:\/\/dbreforma.com\/ca\/politica-de-qualitat-i-medi-ambient\/#breadcrumb\",\"itemListElement\":[{\"@type\":\"ListItem\",\"position\":1,\"name\":\"Portada\",\"item\":\"https:\/\/dbreforma.com\/ca\/\"},{\"@type\":\"ListItem\",\"position\":2,\"name\":\"Pol\u00edtica de qualitat i medi ambient\"}]},{\"@type\":\"WebSite\",\"@id\":\"https:\/\/dbreforma.com\/ca\/#website\",\"url\":\"https:\/\/dbreforma.com\/ca\/\",\"name\":\"DB Reforma\",\"description\":\"Reformes Integrals\",\"potentialAction\":[{\"@type\":\"SearchAction\",\"target\":{\"@type\":\"EntryPoint\",\"urlTemplate\":\"https:\/\/dbreforma.com\/ca\/?s={search_term_string}\"},\"query-input\":{\"@type\":\"PropertyValueSpecification\",\"valueRequired\":true,\"valueName\":\"search_term_string\"}}],\"inLanguage\":\"es\"}]}<\/script>\n<!-- \/ Yoast SEO plugin. -->","yoast_head_json":{"title":"Pol\u00edtica de qualitat i medi ambient - DB Reforma","robots":{"index":"index","follow":"follow","max-snippet":"max-snippet:-1","max-image-preview":"max-image-preview:large","max-video-preview":"max-video-preview:-1"},"canonical":"https:\/\/dbreforma.com\/ca\/politica-de-qualitat-i-medi-ambient\/","og_locale":"es_ES","og_type":"article","og_title":"Pol\u00edtica de qualitat i medi ambient - DB Reforma","og_url":"https:\/\/dbreforma.com\/ca\/politica-de-qualitat-i-medi-ambient\/","og_site_name":"DB Reforma","twitter_card":"summary_large_image","twitter_misc":{"Tiempo de lectura":"5 minutos"},"schema":{"@context":"https:\/\/schema.org","@graph":[{"@type":"WebPage","@id":"https:\/\/dbreforma.com\/ca\/politica-de-qualitat-i-medi-ambient\/","url":"https:\/\/dbreforma.com\/ca\/politica-de-qualitat-i-medi-ambient\/","name":"Pol\u00edtica de qualitat i medi ambient - DB Reforma","isPartOf":{"@id":"https:\/\/dbreforma.com\/ca\/#website"},"datePublished":"2022-07-18T15:58:40+00:00","breadcrumb":{"@id":"https:\/\/dbreforma.com\/ca\/politica-de-qualitat-i-medi-ambient\/#breadcrumb"},"inLanguage":"es","potentialAction":[{"@type":"ReadAction","target":["https:\/\/dbreforma.com\/ca\/politica-de-qualitat-i-medi-ambient\/"]}]},{"@type":"BreadcrumbList","@id":"https:\/\/dbreforma.com\/ca\/politica-de-qualitat-i-medi-ambient\/#breadcrumb","itemListElement":[{"@type":"ListItem","position":1,"name":"Portada","item":"https:\/\/dbreforma.com\/ca\/"},{"@type":"ListItem","position":2,"name":"Pol\u00edtica de qualitat i medi ambient"}]},{"@type":"WebSite","@id":"https:\/\/dbreforma.com\/ca\/#website","url":"https:\/\/dbreforma.com\/ca\/","name":"DB Reforma","description":"Reformes Integrals","potentialAction":[{"@type":"SearchAction","target":{"@type":"EntryPoint","urlTemplate":"https:\/\/dbreforma.com\/ca\/?s={search_term_string}"},"query-input":{"@type":"PropertyValueSpecification","valueRequired":true,"valueName":"search_term_string"}}],"inLanguage":"es"}]}},"_links":{"self":[{"href":"https:\/\/dbreforma.com\/ca\/wp-json\/wp\/v2\/pages\/1700","targetHints":{"allow":["GET"]}}],"collection":[{"href":"https:\/\/dbreforma.com\/ca\/wp-json\/wp\/v2\/pages"}],"about":[{"href":"https:\/\/dbreforma.com\/ca\/wp-json\/wp\/v2\/types\/page"}],"author":[{"embeddable":true,"href":"https:\/\/dbreforma.com\/ca\/wp-json\/wp\/v2\/users\/1"}],"replies":[{"embeddable":true,"href":"https:\/\/dbreforma.com\/ca\/wp-json\/wp\/v2\/comments?post=1700"}],"version-history":[{"count":1,"href":"https:\/\/dbreforma.com\/ca\/wp-json\/wp\/v2\/pages\/1700\/revisions"}],"predecessor-version":[{"id":1701,"href":"https:\/\/dbreforma.com\/ca\/wp-json\/wp\/v2\/pages\/1700\/revisions\/1701"}],"wp:attachment":[{"href":"https:\/\/dbreforma.com\/ca\/wp-json\/wp\/v2\/media?parent=1700"}],"curies":[{"name":"wp","href":"https:\/\/api.w.org\/{rel}","templated":true}]}}